{"id":18,"date":"2024-03-16T09:39:34","date_gmt":"2024-03-16T08:39:34","guid":{"rendered":"https:\/\/glaudebrasseur.fr\/?page_id=18"},"modified":"2025-01-02T08:25:54","modified_gmt":"2025-01-02T07:25:54","slug":"la-glaudebox","status":"publish","type":"page","link":"https:\/\/glaudebrasseur.fr\/?page_id=18","title":{"rendered":"La GlaudeBox"},"content":{"rendered":"\n<p>Comment transporter six bi\u00e8res avec \u00e9l\u00e9gance ?<\/p>\n\n\n\n<p>La r\u00e9ponse en images. Apr\u00e8s quelques essais, modifications, ajustements, je suis assez heureux de vous presenter la GLAUDEBOX.<\/p>\n\n\n\n<figure class=\"wp-block-gallery has-nested-images columns-default is-cropped wp-block-gallery-1 is-layout-flex wp-block-gallery-is-layout-flex\">\n<figure class=\"wp-block-image size-large\"><a href=\"https:\/\/glaudebrasseur.fr\/wp-content\/uploads\/2024\/03\/1000012548-scaled.jpg\"><img loading=\"lazy\" decoding=\"async\" width=\"768\" height=\"1024\" data-id=\"20\" src=\"https:\/\/glaudebrasseur.fr\/wp-content\/uploads\/2024\/03\/1000012548-768x1024.jpg\" alt=\"\" class=\"wp-image-20\" srcset=\"https:\/\/glaudebrasseur.fr\/wp-content\/uploads\/2024\/03\/1000012548-768x1024.jpg 768w, https:\/\/glaudebrasseur.fr\/wp-content\/uploads\/2024\/03\/1000012548-225x300.jpg 225w, https:\/\/glaudebrasseur.fr\/wp-content\/uploads\/2024\/03\/1000012548-1152x1536.jpg 1152w, https:\/\/glaudebrasseur.fr\/wp-content\/uploads\/2024\/03\/1000012548-1536x2048.jpg 1536w, https:\/\/glaudebrasseur.fr\/wp-content\/uploads\/2024\/03\/1000012548-1568x2091.jpg 1568w, https:\/\/glaudebrasseur.fr\/wp-content\/uploads\/2024\/03\/1000012548-scaled.jpg 1920w\" sizes=\"auto, (max-width: 768px) 100vw, 768px\" \/><\/a><\/figure>\n\n\n\n<figure class=\"wp-block-image size-large\"><a href=\"https:\/\/glaudebrasseur.fr\/wp-content\/uploads\/2024\/03\/20240218_134024-scaled.jpg\"><img loading=\"lazy\" decoding=\"async\" width=\"768\" height=\"1024\" data-id=\"23\" src=\"https:\/\/glaudebrasseur.fr\/wp-content\/uploads\/2024\/03\/20240218_134024-768x1024.jpg\" alt=\"\" class=\"wp-image-23\" srcset=\"https:\/\/glaudebrasseur.fr\/wp-content\/uploads\/2024\/03\/20240218_134024-768x1024.jpg 768w, https:\/\/glaudebrasseur.fr\/wp-content\/uploads\/2024\/03\/20240218_134024-225x300.jpg 225w, https:\/\/glaudebrasseur.fr\/wp-content\/uploads\/2024\/03\/20240218_134024-1152x1536.jpg 1152w, https:\/\/glaudebrasseur.fr\/wp-content\/uploads\/2024\/03\/20240218_134024-1536x2048.jpg 1536w, https:\/\/glaudebrasseur.fr\/wp-content\/uploads\/2024\/03\/20240218_134024-1568x2091.jpg 1568w, https:\/\/glaudebrasseur.fr\/wp-content\/uploads\/2024\/03\/20240218_134024-scaled.jpg 1920w\" sizes=\"auto, (max-width: 768px) 100vw, 768px\" \/><\/a><\/figure>\n\n\n\n<figure class=\"wp-block-image size-large\"><a href=\"https:\/\/glaudebrasseur.fr\/wp-content\/uploads\/2024\/03\/20240218_134052-scaled.jpg\"><img loading=\"lazy\" decoding=\"async\" width=\"768\" height=\"1024\" data-id=\"22\" src=\"https:\/\/glaudebrasseur.fr\/wp-content\/uploads\/2024\/03\/20240218_134052-768x1024.jpg\" alt=\"\" class=\"wp-image-22\" srcset=\"https:\/\/glaudebrasseur.fr\/wp-content\/uploads\/2024\/03\/20240218_134052-768x1024.jpg 768w, https:\/\/glaudebrasseur.fr\/wp-content\/uploads\/2024\/03\/20240218_134052-225x300.jpg 225w, https:\/\/glaudebrasseur.fr\/wp-content\/uploads\/2024\/03\/20240218_134052-1152x1536.jpg 1152w, https:\/\/glaudebrasseur.fr\/wp-content\/uploads\/2024\/03\/20240218_134052-1536x2048.jpg 1536w, https:\/\/glaudebrasseur.fr\/wp-content\/uploads\/2024\/03\/20240218_134052-1568x2091.jpg 1568w, https:\/\/glaudebrasseur.fr\/wp-content\/uploads\/2024\/03\/20240218_134052-scaled.jpg 1920w\" sizes=\"auto, (max-width: 768px) 100vw, 768px\" \/><\/a><\/figure>\n\n\n\n<figure class=\"wp-block-image size-large\"><a href=\"https:\/\/glaudebrasseur.fr\/wp-content\/uploads\/2024\/03\/20240302_2327142-scaled.jpg\"><img loading=\"lazy\" decoding=\"async\" width=\"737\" height=\"1024\" data-id=\"21\" src=\"https:\/\/glaudebrasseur.fr\/wp-content\/uploads\/2024\/03\/20240302_2327142-737x1024.jpg\" alt=\"\" class=\"wp-image-21\" srcset=\"https:\/\/glaudebrasseur.fr\/wp-content\/uploads\/2024\/03\/20240302_2327142-737x1024.jpg 737w, https:\/\/glaudebrasseur.fr\/wp-content\/uploads\/2024\/03\/20240302_2327142-216x300.jpg 216w, https:\/\/glaudebrasseur.fr\/wp-content\/uploads\/2024\/03\/20240302_2327142-768x1067.jpg 768w, https:\/\/glaudebrasseur.fr\/wp-content\/uploads\/2024\/03\/20240302_2327142-1105x1536.jpg 1105w, https:\/\/glaudebrasseur.fr\/wp-content\/uploads\/2024\/03\/20240302_2327142-1474x2048.jpg 1474w, https:\/\/glaudebrasseur.fr\/wp-content\/uploads\/2024\/03\/20240302_2327142-1568x2179.jpg 1568w, https:\/\/glaudebrasseur.fr\/wp-content\/uploads\/2024\/03\/20240302_2327142-scaled.jpg 1842w\" sizes=\"auto, (max-width: 737px) 100vw, 737px\" \/><\/a><\/figure>\n\n\n\n<figure class=\"wp-block-image size-large\"><a href=\"https:\/\/glaudebrasseur.fr\/wp-content\/uploads\/2025\/01\/IMG-20240719-WA0025.jpg\"><img loading=\"lazy\" decoding=\"async\" width=\"1024\" height=\"1024\" data-id=\"75\" src=\"https:\/\/glaudebrasseur.fr\/wp-content\/uploads\/2025\/01\/IMG-20240719-WA0025-1024x1024.jpg\" alt=\"\" class=\"wp-image-75\" srcset=\"https:\/\/glaudebrasseur.fr\/wp-content\/uploads\/2025\/01\/IMG-20240719-WA0025-1024x1024.jpg 1024w, https:\/\/glaudebrasseur.fr\/wp-content\/uploads\/2025\/01\/IMG-20240719-WA0025-300x300.jpg 300w, https:\/\/glaudebrasseur.fr\/wp-content\/uploads\/2025\/01\/IMG-20240719-WA0025-150x150.jpg 150w, https:\/\/glaudebrasseur.fr\/wp-content\/uploads\/2025\/01\/IMG-20240719-WA0025-768x768.jpg 768w, https:\/\/glaudebrasseur.fr\/wp-content\/uploads\/2025\/01\/IMG-20240719-WA0025.jpg 1368w\" sizes=\"auto, (max-width: 1024px) 100vw, 1024px\" \/><\/a><\/figure>\n<\/figure>\n\n\n\n<p>Realis\u00e9e au Laser dans du MDF, je me suis amus\u00e9 au fil des soir\u00e9es \u00e0 travailler quelques motifs. La seule limite de l&rsquo;exercice ? L&rsquo;imagination\u2026<\/p>\n\n\n\n<p>Malheureusement chaque nouveau motif me fait penser, imaginer trois autres id\u00e9es. C&rsquo;est donc sans fin&#8230;<\/p>\n\n\n\n<p>Je suis en mesure de vous proposer \u00e0 ce jour les motifs suivants :<\/p>\n\n\n\n<ul class=\"wp-block-list\">\n<li>Triangles V1<\/li>\n<\/ul>\n\n\n\n<ul class=\"wp-block-list\">\n<li>Cercles al\u00e9atoires<\/li>\n\n\n\n<li>Hexagones (brevet d\u00e9pos\u00e9 par les abeilles)<\/li>\n<\/ul>\n\n\n\n<ul class=\"wp-block-list\">\n<li>Voronoi (avec de vrais morceaux de Haute-Garonne dedans)<\/li>\n<\/ul>\n\n\n\n<ul class=\"wp-block-list\">\n<li>Triangulation Delaunay (sur la base de Voronoi et compl\u00e9mentaires a ce dernier, utilisant les centroides des communes de la M\u00e9tropole Toulousaine).<\/li>\n<\/ul>\n\n\n\n<p>Les id\u00e9es \u00e9tant infinies, d&rsquo;autres motifs suivront, des d\u00e9coupes partielles, des d\u00e9cors\u2026<\/p>\n","protected":false},"excerpt":{"rendered":"<p>Comment transporter six bi\u00e8res avec \u00e9l\u00e9gance ? La r\u00e9ponse en images. Apr\u00e8s quelques essais, modifications, ajustements, je suis assez heureux de vous presenter la GLAUDEBOX. Realis\u00e9e au Laser dans du MDF, je me suis amus\u00e9 au fil des soir\u00e9es \u00e0 travailler quelques motifs. La seule limite de l&rsquo;exercice ? L&rsquo;imagination\u2026 Malheureusement chaque nouveau motif me [&hellip;]<\/p>\n","protected":false},"author":1,"featured_media":0,"parent":0,"menu_order":0,"comment_status":"closed","ping_status":"closed","template":"","meta":{"footnotes":""},"class_list":["post-18","page","type-page","status-publish","hentry"],"_links":{"self":[{"href":"https:\/\/glaudebrasseur.fr\/index.php?rest_route=\/wp\/v2\/pages\/18","targetHints":{"allow":["GET"]}}],"collection":[{"href":"https:\/\/glaudebrasseur.fr\/index.php?rest_route=\/wp\/v2\/pages"}],"about":[{"href":"https:\/\/glaudebrasseur.fr\/index.php?rest_route=\/wp\/v2\/types\/page"}],"author":[{"embeddable":true,"href":"https:\/\/glaudebrasseur.fr\/index.php?rest_route=\/wp\/v2\/users\/1"}],"replies":[{"embeddable":true,"href":"https:\/\/glaudebrasseur.fr\/index.php?rest_route=%2Fwp%2Fv2%2Fcomments&post=18"}],"version-history":[{"count":5,"href":"https:\/\/glaudebrasseur.fr\/index.php?rest_route=\/wp\/v2\/pages\/18\/revisions"}],"predecessor-version":[{"id":91,"href":"https:\/\/glaudebrasseur.fr\/index.php?rest_route=\/wp\/v2\/pages\/18\/revisions\/91"}],"wp:attachment":[{"href":"https:\/\/glaudebrasseur.fr\/index.php?rest_route=%2Fwp%2Fv2%2Fmedia&parent=18"}],"curies":[{"name":"wp","href":"https:\/\/api.w.org\/{rel}","templated":true}]}}