{"id":2,"date":"2024-03-15T17:33:23","date_gmt":"2024-03-15T16:33:23","guid":{"rendered":"http:\/\/glaudebrasseur.fr\/?page_id=2"},"modified":"2025-01-15T12:28:59","modified_gmt":"2025-01-15T11:28:59","slug":"bienvenue-chez-glaude-brasseur","status":"publish","type":"page","link":"https:\/\/glaudebrasseur.fr\/","title":{"rendered":"Bienvenue chez Glaude brasseur"},"content":{"rendered":"\n<p>Apprenti Jedi, le laser je manipule. La force maitriser j&rsquo;essaie.<\/p>\n\n\n\n<p>J&rsquo;ai commenc\u00e9 la d\u00e9coupe avec des petits objets, comme les <a href=\"https:\/\/glaudebrasseur.fr\/?page_id=56\" data-type=\"page\" data-id=\"56\">sous-bock<\/a>. Alors \u00e7a ne change pas le go\u00fbt, mais c&rsquo;est sympa sur la table.<\/p>\n\n\n\n<p><a href=\"https:\/\/glaudebrasseur.fr\/?page_id=56\" data-type=\"page\" data-id=\"56\"><img loading=\"lazy\" decoding=\"async\" width=\"300\" height=\"300\" class=\"wp-image-52\" style=\"width: 300px;\" src=\"http:\/\/glaudebrasseur.fr\/wp-content\/uploads\/2024\/04\/Voronoi.jpg\" alt=\"\" srcset=\"https:\/\/glaudebrasseur.fr\/wp-content\/uploads\/2024\/04\/Voronoi.jpg 1200w, https:\/\/glaudebrasseur.fr\/wp-content\/uploads\/2024\/04\/Voronoi-300x300.jpg 300w, https:\/\/glaudebrasseur.fr\/wp-content\/uploads\/2024\/04\/Voronoi-1024x1024.jpg 1024w, https:\/\/glaudebrasseur.fr\/wp-content\/uploads\/2024\/04\/Voronoi-150x150.jpg 150w, https:\/\/glaudebrasseur.fr\/wp-content\/uploads\/2024\/04\/Voronoi-768x768.jpg 768w\" sizes=\"auto, (max-width: 300px) 100vw, 300px\" \/><\/a><\/p>\n\n\n\n<p>Comme j&rsquo;aime offrir mes bi\u00e8res, je voulais un truc sympa pour la transporter, et c&rsquo;est ainsi qu&rsquo;est n\u00e9e la <a href=\"https:\/\/glaudebrasseur.fr\/?page_id=18\">GlaudeBox<\/a> !<a href=\"https:\/\/glaudebrasseur.fr\/?page_id=18\" data-type=\"page\" data-id=\"18\"><img loading=\"lazy\" decoding=\"async\" width=\"300\" height=\"400\" class=\"wp-image-23\" style=\"width: 300px;\" src=\"http:\/\/glaudebrasseur.fr\/wp-content\/uploads\/2024\/03\/20240218_134024-scaled.jpg\" alt=\"\" srcset=\"https:\/\/glaudebrasseur.fr\/wp-content\/uploads\/2024\/03\/20240218_134024-scaled.jpg 1920w, https:\/\/glaudebrasseur.fr\/wp-content\/uploads\/2024\/03\/20240218_134024-225x300.jpg 225w, https:\/\/glaudebrasseur.fr\/wp-content\/uploads\/2024\/03\/20240218_134024-768x1024.jpg 768w, https:\/\/glaudebrasseur.fr\/wp-content\/uploads\/2024\/03\/20240218_134024-1152x1536.jpg 1152w, https:\/\/glaudebrasseur.fr\/wp-content\/uploads\/2024\/03\/20240218_134024-1536x2048.jpg 1536w, https:\/\/glaudebrasseur.fr\/wp-content\/uploads\/2024\/03\/20240218_134024-1568x2091.jpg 1568w\" sizes=\"auto, (max-width: 300px) 100vw, 300px\" \/><\/a><\/p>\n\n\n\n<p>La suite ? Des <a href=\"https:\/\/glaudebrasseur.fr\/?page_id=63\" data-type=\"page\" data-id=\"63\">troph\u00e9es<\/a> pour les courses cyclistes, d&rsquo;abord pour mon club, puis pour les clubs amis qui souhaitaient remettre un troph\u00e9e diff\u00e9rent des coupes en plastique. Comme pour le reste, tout est personnalisable.<\/p>\n\n\n\n<figure class=\"wp-block-gallery has-nested-images columns-default is-cropped wp-block-gallery-1 is-layout-flex wp-block-gallery-is-layout-flex\">\n<figure class=\"wp-block-image size-large\"><img loading=\"lazy\" decoding=\"async\" width=\"1024\" height=\"768\" data-id=\"80\" src=\"https:\/\/glaudebrasseur.fr\/wp-content\/uploads\/2025\/01\/IMG-20241211-WA0005-1024x768.jpg\" alt=\"\" class=\"wp-image-80\" srcset=\"https:\/\/glaudebrasseur.fr\/wp-content\/uploads\/2025\/01\/IMG-20241211-WA0005-1024x768.jpg 1024w, https:\/\/glaudebrasseur.fr\/wp-content\/uploads\/2025\/01\/IMG-20241211-WA0005-300x225.jpg 300w, https:\/\/glaudebrasseur.fr\/wp-content\/uploads\/2025\/01\/IMG-20241211-WA0005-768x576.jpg 768w, https:\/\/glaudebrasseur.fr\/wp-content\/uploads\/2025\/01\/IMG-20241211-WA0005-1536x1152.jpg 1536w, https:\/\/glaudebrasseur.fr\/wp-content\/uploads\/2025\/01\/IMG-20241211-WA0005.jpg 2048w\" sizes=\"auto, (max-width: 1024px) 100vw, 1024px\" \/><\/figure>\n<\/figure>\n\n\n\n<p>Vous pensiez que j&rsquo;en avais fini ?? Je me lance d\u00e9sormais pour le plaisir et pour faire plaisir dans la confection de <a href=\"https:\/\/glaudebrasseur.fr\/?page_id=66\" data-type=\"page\" data-id=\"66\">bijoux<\/a> en bois.<\/p>\n\n\n\n<figure class=\"wp-block-image size-large\"><img loading=\"lazy\" decoding=\"async\" width=\"1024\" height=\"815\" src=\"http:\/\/glaudebrasseur.fr\/wp-content\/uploads\/2025\/01\/20241231_1740122-1024x815.jpg\" alt=\"\" class=\"wp-image-77\" srcset=\"https:\/\/glaudebrasseur.fr\/wp-content\/uploads\/2025\/01\/20241231_1740122-1024x815.jpg 1024w, https:\/\/glaudebrasseur.fr\/wp-content\/uploads\/2025\/01\/20241231_1740122-300x239.jpg 300w, https:\/\/glaudebrasseur.fr\/wp-content\/uploads\/2025\/01\/20241231_1740122-768x611.jpg 768w, https:\/\/glaudebrasseur.fr\/wp-content\/uploads\/2025\/01\/20241231_1740122-1536x1223.jpg 1536w, https:\/\/glaudebrasseur.fr\/wp-content\/uploads\/2025\/01\/20241231_1740122-2048x1630.jpg 2048w\" sizes=\"auto, (max-width: 1024px) 100vw, 1024px\" \/><\/figure>\n\n\n\n<p><\/p>\n","protected":false},"excerpt":{"rendered":"<p>Apprenti Jedi, le laser je manipule. La force maitriser j&rsquo;essaie. J&rsquo;ai commenc\u00e9 la d\u00e9coupe avec des petits objets, comme les sous-bock. Alors \u00e7a ne change pas le go\u00fbt, mais c&rsquo;est sympa sur la table. Comme j&rsquo;aime offrir mes bi\u00e8res, je voulais un truc sympa pour la transporter, et c&rsquo;est ainsi qu&rsquo;est n\u00e9e la GlaudeBox ! [&hellip;]<\/p>\n","protected":false},"author":1,"featured_media":0,"parent":0,"menu_order":0,"comment_status":"closed","ping_status":"closed","template":"","meta":{"footnotes":""},"class_list":["post-2","page","type-page","status-publish","hentry"],"_links":{"self":[{"href":"https:\/\/glaudebrasseur.fr\/index.php?rest_route=\/wp\/v2\/pages\/2","targetHints":{"allow":["GET"]}}],"collection":[{"href":"https:\/\/glaudebrasseur.fr\/index.php?rest_route=\/wp\/v2\/pages"}],"about":[{"href":"https:\/\/glaudebrasseur.fr\/index.php?rest_route=\/wp\/v2\/types\/page"}],"author":[{"embeddable":true,"href":"https:\/\/glaudebrasseur.fr\/index.php?rest_route=\/wp\/v2\/users\/1"}],"replies":[{"embeddable":true,"href":"https:\/\/glaudebrasseur.fr\/index.php?rest_route=%2Fwp%2Fv2%2Fcomments&post=2"}],"version-history":[{"count":24,"href":"https:\/\/glaudebrasseur.fr\/index.php?rest_route=\/wp\/v2\/pages\/2\/revisions"}],"predecessor-version":[{"id":98,"href":"https:\/\/glaudebrasseur.fr\/index.php?rest_route=\/wp\/v2\/pages\/2\/revisions\/98"}],"wp:attachment":[{"href":"https:\/\/glaudebrasseur.fr\/index.php?rest_route=%2Fwp%2Fv2%2Fmedia&parent=2"}],"curies":[{"name":"wp","href":"https:\/\/api.w.org\/{rel}","templated":true}]}}