{"id":56,"date":"2025-01-01T18:35:05","date_gmt":"2025-01-01T17:35:05","guid":{"rendered":"https:\/\/glaudebrasseur.fr\/?page_id=56"},"modified":"2025-01-02T08:28:16","modified_gmt":"2025-01-02T07:28:16","slug":"les-sous-bocks","status":"publish","type":"page","link":"https:\/\/glaudebrasseur.fr\/?page_id=56","title":{"rendered":"Les sous-bocks"},"content":{"rendered":"\n<p>Les sous-bocks : \u00e0 quoi \u00e7a sert ?<\/p>\n\n\n\n<p>A rien, et comme tout ce qui ne sert \u00e0 rien, c\u2019est \u00e9videmment un \u00e9l\u00e9ment indispensable !<\/p>\n\n\n\n<p>Personnellement depuis que je m&rsquo;amuse a en faire, je m&rsquo;en sers au quotidien pour ma tasse \u00e0 caf\u00e9, pour les infusions, et parfois m\u00eame pour mon verre \u00e0 bi\u00e8re (comme mes coll\u00e8gues qui n&rsquo;ont plus le choix). C&rsquo;est le petit d\u00e9tail, qui fait la diff\u00e9rence. L&rsquo;\u00e9l\u00e9ment qui vient d\u00e9corer la table, sublimer votre int\u00e9rieur. <\/p>\n\n\n\n<p>Bref, la Glaude Touch.<\/p>\n\n\n\n<p>L&rsquo;ensemble des motifs des sous-bocks sont d\u00e9clinables en box.<\/p>\n\n\n\n<p>Les sous-bocks sont disponibles tels-quels (avec l&rsquo;adresse de ce site), mais ils sont personnalisables \u00e0 la demande, avec votre logo.<\/p>\n\n\n\n<figure class=\"wp-block-gallery has-nested-images columns-default is-cropped wp-block-gallery-1 is-layout-flex wp-block-gallery-is-layout-flex\">\n<figure class=\"wp-block-image size-large\"><a href=\"https:\/\/glaudebrasseur.fr\/wp-content\/uploads\/2024\/04\/Triangle-scaled.jpg\"><img loading=\"lazy\" decoding=\"async\" width=\"768\" height=\"1024\" data-id=\"54\" src=\"https:\/\/glaudebrasseur.fr\/wp-content\/uploads\/2024\/04\/Triangle-768x1024.jpg\" alt=\"\" class=\"wp-image-54\" srcset=\"https:\/\/glaudebrasseur.fr\/wp-content\/uploads\/2024\/04\/Triangle-768x1024.jpg 768w, https:\/\/glaudebrasseur.fr\/wp-content\/uploads\/2024\/04\/Triangle-225x300.jpg 225w, https:\/\/glaudebrasseur.fr\/wp-content\/uploads\/2024\/04\/Triangle-1152x1536.jpg 1152w, https:\/\/glaudebrasseur.fr\/wp-content\/uploads\/2024\/04\/Triangle-1536x2048.jpg 1536w, https:\/\/glaudebrasseur.fr\/wp-content\/uploads\/2024\/04\/Triangle-scaled.jpg 1920w\" sizes=\"auto, (max-width: 768px) 100vw, 768px\" \/><\/a><\/figure>\n\n\n\n<figure class=\"wp-block-image size-large\"><a href=\"https:\/\/glaudebrasseur.fr\/wp-content\/uploads\/2024\/04\/Delaunnay.jpg\"><img loading=\"lazy\" decoding=\"async\" width=\"1024\" height=\"1024\" data-id=\"53\" src=\"https:\/\/glaudebrasseur.fr\/wp-content\/uploads\/2024\/04\/Delaunnay-1024x1024.jpg\" alt=\"\" class=\"wp-image-53\" srcset=\"https:\/\/glaudebrasseur.fr\/wp-content\/uploads\/2024\/04\/Delaunnay-1024x1024.jpg 1024w, https:\/\/glaudebrasseur.fr\/wp-content\/uploads\/2024\/04\/Delaunnay-300x300.jpg 300w, https:\/\/glaudebrasseur.fr\/wp-content\/uploads\/2024\/04\/Delaunnay-150x150.jpg 150w, https:\/\/glaudebrasseur.fr\/wp-content\/uploads\/2024\/04\/Delaunnay-768x768.jpg 768w, https:\/\/glaudebrasseur.fr\/wp-content\/uploads\/2024\/04\/Delaunnay.jpg 1200w\" sizes=\"auto, (max-width: 1024px) 100vw, 1024px\" \/><\/a><\/figure>\n\n\n\n<figure class=\"wp-block-image size-large\"><a href=\"https:\/\/glaudebrasseur.fr\/wp-content\/uploads\/2024\/04\/Voronoi.jpg\"><img loading=\"lazy\" decoding=\"async\" width=\"1024\" height=\"1024\" data-id=\"52\" src=\"https:\/\/glaudebrasseur.fr\/wp-content\/uploads\/2024\/04\/Voronoi-1024x1024.jpg\" alt=\"\" class=\"wp-image-52\" srcset=\"https:\/\/glaudebrasseur.fr\/wp-content\/uploads\/2024\/04\/Voronoi-1024x1024.jpg 1024w, https:\/\/glaudebrasseur.fr\/wp-content\/uploads\/2024\/04\/Voronoi-300x300.jpg 300w, https:\/\/glaudebrasseur.fr\/wp-content\/uploads\/2024\/04\/Voronoi-150x150.jpg 150w, https:\/\/glaudebrasseur.fr\/wp-content\/uploads\/2024\/04\/Voronoi-768x768.jpg 768w, https:\/\/glaudebrasseur.fr\/wp-content\/uploads\/2024\/04\/Voronoi.jpg 1200w\" sizes=\"auto, (max-width: 1024px) 100vw, 1024px\" \/><\/a><\/figure>\n<\/figure>\n","protected":false},"excerpt":{"rendered":"<p>Les sous-bocks : \u00e0 quoi \u00e7a sert ? A rien, et comme tout ce qui ne sert \u00e0 rien, c\u2019est \u00e9videmment un \u00e9l\u00e9ment indispensable ! Personnellement depuis que je m&rsquo;amuse a en faire, je m&rsquo;en sers au quotidien pour ma tasse \u00e0 caf\u00e9, pour les infusions, et parfois m\u00eame pour mon verre \u00e0 bi\u00e8re (comme [&hellip;]<\/p>\n","protected":false},"author":1,"featured_media":0,"parent":0,"menu_order":0,"comment_status":"closed","ping_status":"closed","template":"","meta":{"footnotes":""},"class_list":["post-56","page","type-page","status-publish","hentry"],"_links":{"self":[{"href":"https:\/\/glaudebrasseur.fr\/index.php?rest_route=\/wp\/v2\/pages\/56","targetHints":{"allow":["GET"]}}],"collection":[{"href":"https:\/\/glaudebrasseur.fr\/index.php?rest_route=\/wp\/v2\/pages"}],"about":[{"href":"https:\/\/glaudebrasseur.fr\/index.php?rest_route=\/wp\/v2\/types\/page"}],"author":[{"embeddable":true,"href":"https:\/\/glaudebrasseur.fr\/index.php?rest_route=\/wp\/v2\/users\/1"}],"replies":[{"embeddable":true,"href":"https:\/\/glaudebrasseur.fr\/index.php?rest_route=%2Fwp%2Fv2%2Fcomments&post=56"}],"version-history":[{"count":3,"href":"https:\/\/glaudebrasseur.fr\/index.php?rest_route=\/wp\/v2\/pages\/56\/revisions"}],"predecessor-version":[{"id":93,"href":"https:\/\/glaudebrasseur.fr\/index.php?rest_route=\/wp\/v2\/pages\/56\/revisions\/93"}],"wp:attachment":[{"href":"https:\/\/glaudebrasseur.fr\/index.php?rest_route=%2Fwp%2Fv2%2Fmedia&parent=56"}],"curies":[{"name":"wp","href":"https:\/\/api.w.org\/{rel}","templated":true}]}}