{"id":63,"date":"2025-01-01T19:15:53","date_gmt":"2025-01-01T18:15:53","guid":{"rendered":"https:\/\/glaudebrasseur.fr\/?page_id=63"},"modified":"2025-01-02T08:29:33","modified_gmt":"2025-01-02T07:29:33","slug":"les-trophees","status":"publish","type":"page","link":"https:\/\/glaudebrasseur.fr\/?page_id=63","title":{"rendered":"Les Troph\u00e9es"},"content":{"rendered":"\n<p>En tant que cycliste, j&rsquo;ai commenc\u00e9 \u00e0 fabriquer des troph\u00e9s pour les courses organis\u00e9es par mon club. Puis de fil en aiguille, j&rsquo;ai en fabriqu\u00e9 pour les clubs amis.<\/p>\n\n\n\n<p>Je prends beaucoup de plaisir \u00e0 personnaliser \u00e0 la demande chaque pi\u00e8ce. Chaque projet, parti d&rsquo;une page blanche, est le fruit d&rsquo;\u00e9changes avec chaque client.<\/p>\n\n\n\n<figure class=\"wp-block-gallery has-nested-images columns-default is-cropped wp-block-gallery-1 is-layout-flex wp-block-gallery-is-layout-flex\">\n<figure class=\"wp-block-image size-large\"><a href=\"https:\/\/glaudebrasseur.fr\/wp-content\/uploads\/2025\/01\/IMG-20241211-WA0005.jpg\"><img loading=\"lazy\" decoding=\"async\" width=\"1024\" height=\"768\" data-id=\"80\" src=\"https:\/\/glaudebrasseur.fr\/wp-content\/uploads\/2025\/01\/IMG-20241211-WA0005-1024x768.jpg\" alt=\"\" class=\"wp-image-80\" srcset=\"https:\/\/glaudebrasseur.fr\/wp-content\/uploads\/2025\/01\/IMG-20241211-WA0005-1024x768.jpg 1024w, https:\/\/glaudebrasseur.fr\/wp-content\/uploads\/2025\/01\/IMG-20241211-WA0005-300x225.jpg 300w, https:\/\/glaudebrasseur.fr\/wp-content\/uploads\/2025\/01\/IMG-20241211-WA0005-768x576.jpg 768w, https:\/\/glaudebrasseur.fr\/wp-content\/uploads\/2025\/01\/IMG-20241211-WA0005-1536x1152.jpg 1536w, https:\/\/glaudebrasseur.fr\/wp-content\/uploads\/2025\/01\/IMG-20241211-WA0005.jpg 2048w\" sizes=\"auto, (max-width: 1024px) 100vw, 1024px\" \/><\/a><\/figure>\n\n\n\n<figure class=\"wp-block-image size-large\"><a href=\"https:\/\/glaudebrasseur.fr\/wp-content\/uploads\/2025\/01\/IMG-20240525-WA00142-scaled.jpeg\"><img loading=\"lazy\" decoding=\"async\" width=\"1024\" height=\"836\" data-id=\"81\" src=\"https:\/\/glaudebrasseur.fr\/wp-content\/uploads\/2025\/01\/IMG-20240525-WA00142-1024x836.jpeg\" alt=\"\" class=\"wp-image-81\" srcset=\"https:\/\/glaudebrasseur.fr\/wp-content\/uploads\/2025\/01\/IMG-20240525-WA00142-1024x836.jpeg 1024w, https:\/\/glaudebrasseur.fr\/wp-content\/uploads\/2025\/01\/IMG-20240525-WA00142-300x245.jpeg 300w, https:\/\/glaudebrasseur.fr\/wp-content\/uploads\/2025\/01\/IMG-20240525-WA00142-768x627.jpeg 768w, https:\/\/glaudebrasseur.fr\/wp-content\/uploads\/2025\/01\/IMG-20240525-WA00142-1536x1254.jpeg 1536w, https:\/\/glaudebrasseur.fr\/wp-content\/uploads\/2025\/01\/IMG-20240525-WA00142-2048x1672.jpeg 2048w\" sizes=\"auto, (max-width: 1024px) 100vw, 1024px\" \/><\/a><\/figure>\n\n\n\n<figure class=\"wp-block-image size-large\"><a href=\"https:\/\/glaudebrasseur.fr\/wp-content\/uploads\/2025\/01\/20241004_195416-scaled.jpg\"><img loading=\"lazy\" decoding=\"async\" width=\"1024\" height=\"768\" data-id=\"79\" src=\"https:\/\/glaudebrasseur.fr\/wp-content\/uploads\/2025\/01\/20241004_195416-1024x768.jpg\" alt=\"\" class=\"wp-image-79\" srcset=\"https:\/\/glaudebrasseur.fr\/wp-content\/uploads\/2025\/01\/20241004_195416-1024x768.jpg 1024w, https:\/\/glaudebrasseur.fr\/wp-content\/uploads\/2025\/01\/20241004_195416-300x225.jpg 300w, https:\/\/glaudebrasseur.fr\/wp-content\/uploads\/2025\/01\/20241004_195416-768x576.jpg 768w, https:\/\/glaudebrasseur.fr\/wp-content\/uploads\/2025\/01\/20241004_195416-1536x1152.jpg 1536w, https:\/\/glaudebrasseur.fr\/wp-content\/uploads\/2025\/01\/20241004_195416-2048x1536.jpg 2048w\" sizes=\"auto, (max-width: 1024px) 100vw, 1024px\" \/><\/a><\/figure>\n\n\n\n<figure class=\"wp-block-image size-large\"><a href=\"https:\/\/glaudebrasseur.fr\/wp-content\/uploads\/2025\/01\/IMG_20250101_192233.jpg\"><img loading=\"lazy\" decoding=\"async\" width=\"1024\" height=\"850\" data-id=\"74\" src=\"https:\/\/glaudebrasseur.fr\/wp-content\/uploads\/2025\/01\/IMG_20250101_192233.jpg\" alt=\"\" class=\"wp-image-74\" srcset=\"https:\/\/glaudebrasseur.fr\/wp-content\/uploads\/2025\/01\/IMG_20250101_192233.jpg 1024w, https:\/\/glaudebrasseur.fr\/wp-content\/uploads\/2025\/01\/IMG_20250101_192233-300x249.jpg 300w, https:\/\/glaudebrasseur.fr\/wp-content\/uploads\/2025\/01\/IMG_20250101_192233-768x638.jpg 768w\" sizes=\"auto, (max-width: 1024px) 100vw, 1024px\" \/><\/a><\/figure>\n\n\n\n<figure class=\"wp-block-image size-large\"><a href=\"https:\/\/glaudebrasseur.fr\/wp-content\/uploads\/2025\/01\/20241004_195519-scaled.jpg\"><img loading=\"lazy\" decoding=\"async\" width=\"1024\" height=\"768\" data-id=\"73\" src=\"https:\/\/glaudebrasseur.fr\/wp-content\/uploads\/2025\/01\/20241004_195519-1024x768.jpg\" alt=\"\" class=\"wp-image-73\" srcset=\"https:\/\/glaudebrasseur.fr\/wp-content\/uploads\/2025\/01\/20241004_195519-1024x768.jpg 1024w, https:\/\/glaudebrasseur.fr\/wp-content\/uploads\/2025\/01\/20241004_195519-300x225.jpg 300w, https:\/\/glaudebrasseur.fr\/wp-content\/uploads\/2025\/01\/20241004_195519-768x576.jpg 768w, https:\/\/glaudebrasseur.fr\/wp-content\/uploads\/2025\/01\/20241004_195519-1536x1152.jpg 1536w, https:\/\/glaudebrasseur.fr\/wp-content\/uploads\/2025\/01\/20241004_195519-2048x1536.jpg 2048w\" sizes=\"auto, (max-width: 1024px) 100vw, 1024px\" \/><\/a><\/figure>\n\n\n\n<figure class=\"wp-block-image size-large\"><a href=\"https:\/\/glaudebrasseur.fr\/wp-content\/uploads\/2025\/01\/20241004_195540-scaled.jpg\"><img loading=\"lazy\" decoding=\"async\" width=\"768\" height=\"1024\" data-id=\"72\" src=\"https:\/\/glaudebrasseur.fr\/wp-content\/uploads\/2025\/01\/20241004_195540-768x1024.jpg\" alt=\"\" class=\"wp-image-72\" srcset=\"https:\/\/glaudebrasseur.fr\/wp-content\/uploads\/2025\/01\/20241004_195540-768x1024.jpg 768w, https:\/\/glaudebrasseur.fr\/wp-content\/uploads\/2025\/01\/20241004_195540-225x300.jpg 225w, https:\/\/glaudebrasseur.fr\/wp-content\/uploads\/2025\/01\/20241004_195540-1152x1536.jpg 1152w, https:\/\/glaudebrasseur.fr\/wp-content\/uploads\/2025\/01\/20241004_195540-1536x2048.jpg 1536w, https:\/\/glaudebrasseur.fr\/wp-content\/uploads\/2025\/01\/20241004_195540-scaled.jpg 1920w\" sizes=\"auto, (max-width: 768px) 100vw, 768px\" \/><\/a><\/figure>\n<\/figure>\n","protected":false},"excerpt":{"rendered":"<p>En tant que cycliste, j&rsquo;ai commenc\u00e9 \u00e0 fabriquer des troph\u00e9s pour les courses organis\u00e9es par mon club. Puis de fil en aiguille, j&rsquo;ai en fabriqu\u00e9 pour les clubs amis. Je prends beaucoup de plaisir \u00e0 personnaliser \u00e0 la demande chaque pi\u00e8ce. Chaque projet, parti d&rsquo;une page blanche, est le fruit d&rsquo;\u00e9changes avec chaque client.<\/p>\n","protected":false},"author":1,"featured_media":0,"parent":0,"menu_order":0,"comment_status":"closed","ping_status":"closed","template":"","meta":{"footnotes":""},"class_list":["post-63","page","type-page","status-publish","hentry"],"_links":{"self":[{"href":"https:\/\/glaudebrasseur.fr\/index.php?rest_route=\/wp\/v2\/pages\/63","targetHints":{"allow":["GET"]}}],"collection":[{"href":"https:\/\/glaudebrasseur.fr\/index.php?rest_route=\/wp\/v2\/pages"}],"about":[{"href":"https:\/\/glaudebrasseur.fr\/index.php?rest_route=\/wp\/v2\/types\/page"}],"author":[{"embeddable":true,"href":"https:\/\/glaudebrasseur.fr\/index.php?rest_route=\/wp\/v2\/users\/1"}],"replies":[{"embeddable":true,"href":"https:\/\/glaudebrasseur.fr\/index.php?rest_route=%2Fwp%2Fv2%2Fcomments&post=63"}],"version-history":[{"count":4,"href":"https:\/\/glaudebrasseur.fr\/index.php?rest_route=\/wp\/v2\/pages\/63\/revisions"}],"predecessor-version":[{"id":94,"href":"https:\/\/glaudebrasseur.fr\/index.php?rest_route=\/wp\/v2\/pages\/63\/revisions\/94"}],"wp:attachment":[{"href":"https:\/\/glaudebrasseur.fr\/index.php?rest_route=%2Fwp%2Fv2%2Fmedia&parent=63"}],"curies":[{"name":"wp","href":"https:\/\/api.w.org\/{rel}","templated":true}]}}