{"id":66,"date":"2025-01-01T19:17:44","date_gmt":"2025-01-01T18:17:44","guid":{"rendered":"https:\/\/glaudebrasseur.fr\/?page_id=66"},"modified":"2025-01-02T08:30:43","modified_gmt":"2025-01-02T07:30:43","slug":"les-bijoux","status":"publish","type":"page","link":"https:\/\/glaudebrasseur.fr\/?page_id=66","title":{"rendered":"Les Bijoux"},"content":{"rendered":"\n<p>Derni\u00e8re section cr\u00e9\u00e9e sur le site, celle-ci va s&rsquo;\u00e9toffer dans les semaines \u00e0 venir. Pour le moment, un seul mod\u00e8le de boucles d&rsquo;oreilles disponible, en ch\u00eane.<\/p>\n\n\n\n<figure class=\"wp-block-image size-large\"><a href=\"https:\/\/glaudebrasseur.fr\/wp-content\/uploads\/2025\/01\/20241231_1740122.jpg\"><img loading=\"lazy\" decoding=\"async\" width=\"1024\" height=\"815\" src=\"http:\/\/glaudebrasseur.fr\/wp-content\/uploads\/2025\/01\/20241231_1740122-1024x815.jpg\" alt=\"\" class=\"wp-image-77\" srcset=\"https:\/\/glaudebrasseur.fr\/wp-content\/uploads\/2025\/01\/20241231_1740122-1024x815.jpg 1024w, https:\/\/glaudebrasseur.fr\/wp-content\/uploads\/2025\/01\/20241231_1740122-300x239.jpg 300w, https:\/\/glaudebrasseur.fr\/wp-content\/uploads\/2025\/01\/20241231_1740122-768x611.jpg 768w, https:\/\/glaudebrasseur.fr\/wp-content\/uploads\/2025\/01\/20241231_1740122-1536x1223.jpg 1536w, https:\/\/glaudebrasseur.fr\/wp-content\/uploads\/2025\/01\/20241231_1740122-2048x1630.jpg 2048w\" sizes=\"auto, (max-width: 1024px) 100vw, 1024px\" \/><\/a><\/figure>\n","protected":false},"excerpt":{"rendered":"<p>Derni\u00e8re section cr\u00e9\u00e9e sur le site, celle-ci va s&rsquo;\u00e9toffer dans les semaines \u00e0 venir. Pour le moment, un seul mod\u00e8le de boucles d&rsquo;oreilles disponible, en ch\u00eane.<\/p>\n","protected":false},"author":1,"featured_media":0,"parent":0,"menu_order":0,"comment_status":"closed","ping_status":"closed","template":"","meta":{"footnotes":""},"class_list":["post-66","page","type-page","status-publish","hentry"],"_links":{"self":[{"href":"https:\/\/glaudebrasseur.fr\/index.php?rest_route=\/wp\/v2\/pages\/66","targetHints":{"allow":["GET"]}}],"collection":[{"href":"https:\/\/glaudebrasseur.fr\/index.php?rest_route=\/wp\/v2\/pages"}],"about":[{"href":"https:\/\/glaudebrasseur.fr\/index.php?rest_route=\/wp\/v2\/types\/page"}],"author":[{"embeddable":true,"href":"https:\/\/glaudebrasseur.fr\/index.php?rest_route=\/wp\/v2\/users\/1"}],"replies":[{"embeddable":true,"href":"https:\/\/glaudebrasseur.fr\/index.php?rest_route=%2Fwp%2Fv2%2Fcomments&post=66"}],"version-history":[{"count":3,"href":"https:\/\/glaudebrasseur.fr\/index.php?rest_route=\/wp\/v2\/pages\/66\/revisions"}],"predecessor-version":[{"id":95,"href":"https:\/\/glaudebrasseur.fr\/index.php?rest_route=\/wp\/v2\/pages\/66\/revisions\/95"}],"wp:attachment":[{"href":"https:\/\/glaudebrasseur.fr\/index.php?rest_route=%2Fwp%2Fv2%2Fmedia&parent=66"}],"curies":[{"name":"wp","href":"https:\/\/api.w.org\/{rel}","templated":true}]}}